{"id":8,"date":"2014-01-30T13:07:30","date_gmt":"2014-01-30T13:07:30","guid":{"rendered":"http:\/\/www.hophuong.com\/HP\/?page_id=8"},"modified":"2014-01-30T13:26:04","modified_gmt":"2014-01-30T13:26:04","slug":"applications","status":"publish","type":"page","link":"http:\/\/www.hophuong.com\/HP\/applications\/","title":{"rendered":"Applications"},"content":{"rendered":"<h1>easy japanese-learn japan language with common use sample, audio<\/h1>\n<p><a title=\"easy japanese-learn japan language with common use sample, audio\" href=\"http:\/\/www.hophuong.com\/HP\/?p=27\"><img loading=\"lazy\" class=\"alignnone size-medium wp-image-9\" alt=\"iTunesArtwork\" src=\"http:\/\/www.hophuong.com\/HP\/wp-content\/uploads\/iTunesArtwork2-300x300.png\" width=\"300\" height=\"300\" srcset=\"http:\/\/www.hophuong.com\/HP\/wp-content\/uploads\/iTunesArtwork2-300x300.png 300w, http:\/\/www.hophuong.com\/HP\/wp-content\/uploads\/iTunesArtwork2-150x150.png 150w, http:\/\/www.hophuong.com\/HP\/wp-content\/uploads\/iTunesArtwork2.png 512w\" sizes=\"(max-width: 300px) 100vw, 300px\" \/><\/a><\/p>\n<p>Are you intend to study japanese in the next and you want to have a powerful tool to help you. this app is one of the best tool like that, it&#8217;d been made follow the &#8220;minna no nihongo&#8221; books content<\/p>\n<h1>Egift Card Maker \u2013 Create Greeting, Thanksgiving Card With Beautiful Theme, Emoticon And Message<\/h1>\n<p><a title=\"Egift Card Maker \u2013 Create Greeting, Thanksgiving Card With Beautiful Theme, Emoticon And Message\" href=\"http:\/\/www.hophuong.com\/HP\/?p=29\"><img loading=\"lazy\" class=\"alignnone size-medium wp-image-10\" alt=\"iTunesArtwork\" src=\"http:\/\/www.hophuong.com\/HP\/wp-content\/uploads\/iTunesArtwork3-300x300.png\" width=\"300\" height=\"300\" srcset=\"http:\/\/www.hophuong.com\/HP\/wp-content\/uploads\/iTunesArtwork3-300x300.png 300w, http:\/\/www.hophuong.com\/HP\/wp-content\/uploads\/iTunesArtwork3-150x150.png 150w, http:\/\/www.hophuong.com\/HP\/wp-content\/uploads\/iTunesArtwork3.png 512w\" sizes=\"(max-width: 300px) 100vw, 300px\" \/><\/a><\/p>\n<p>When a special time like CHIRISTMAS, NEWYEAR, your friend BIRTHDAY, MOTHER FATHER day, VALENTINE day, &#8230; is coming. You want to make a greeting or thanksgiving Cards&#8230; and send it to your friends, colleagues and family members ?<\/p>\n<h1>\u0110\u1ecba \u0110i\u1ec3m ATM Vi\u1ec7t Nam<\/h1>\n<p><a title=\"\u0110\u1ecba \u0110i\u1ec3m ATM Vi\u1ec7t Nam\" href=\"http:\/\/www.hophuong.com\/HP\/?p=31 Ch\"><img loading=\"lazy\" class=\"alignnone size-medium wp-image-11\" alt=\"iTunesArtwork\" src=\"http:\/\/www.hophuong.com\/HP\/wp-content\/uploads\/iTunesArtwork4-300x300.png\" width=\"300\" height=\"300\" srcset=\"http:\/\/www.hophuong.com\/HP\/wp-content\/uploads\/iTunesArtwork4-300x300.png 300w, http:\/\/www.hophuong.com\/HP\/wp-content\/uploads\/iTunesArtwork4-150x150.png 150w, http:\/\/www.hophuong.com\/HP\/wp-content\/uploads\/iTunesArtwork4.png 512w\" sizes=\"(max-width: 300px) 100vw, 300px\" \/><\/a><\/p>\n<p>\u1ee8ng d\u1ee5ng cho ph\u00e9p t\u00ecm ki\u1ebfm \u0111i\u1ec3m \u0111\u1eb7t ATM c\u1ee7a c\u00e1c ng\u00e2n h\u00e0ng l\u1edbn c\u1ee7a Vi\u1ec7t Nam \u1edf 63 t\u1ec9nh th\u00e0nh. Nh\u1eefng ng\u00e2n h\u00e0ng li\u00ean k\u1ebft m\u00e0 m\u00e0 Th\u1ebb c\u1ee7a b\u1ea1n c\u00f3 th\u1ec3 r\u00fat \u0111\u01b0\u1ee3c.<br \/>\nCho ph\u00e9p b\u1ea1n xem v\u1ecb tr\u00ed hi\u1ec7n t\u1ea1i c\u1ee7a b\u1ea1n v\u00e0 \u0111\u01b0\u1eddng \u0111i tr\u1ef1c ti\u1ebfp \u0111\u1ebfn v\u1ecb tr\u00ed ATM m\u00e0 b\u1ea1n quan t\u00e2m.<\/p>\n<p>&nbsp;<\/p>\n","protected":false},"excerpt":{"rendered":"<p>easy japanese-learn japan language with common use sample, audio Are you intend to study japanese in the next and you want to have a powerful tool to help you. this app is one of the best tool like that, it&#8217;d been made follow the &#8220;minna no nihongo&#8221; books content Egift Card Maker \u2013 Create Greeting, &hellip; <a href=\"http:\/\/www.hophuong.com\/HP\/applications\/\" class=\"more-link\">Continue reading <span class=\"screen-reader-text\">Applications<\/span> <span class=\"meta-nav\">&rarr;<\/span><\/a><\/p>\n","protected":false},"author":1,"featured_media":0,"parent":0,"menu_order":0,"comment_status":"open","ping_status":"open","template":"","meta":[],"_links":{"self":[{"href":"http:\/\/www.hophuong.com\/HP\/wp-json\/wp\/v2\/pages\/8"}],"collection":[{"href":"http:\/\/www.hophuong.com\/HP\/wp-json\/wp\/v2\/pages"}],"about":[{"href":"http:\/\/www.hophuong.com\/HP\/wp-json\/wp\/v2\/types\/page"}],"author":[{"embeddable":true,"href":"http:\/\/www.hophuong.com\/HP\/wp-json\/wp\/v2\/users\/1"}],"replies":[{"embeddable":true,"href":"http:\/\/www.hophuong.com\/HP\/wp-json\/wp\/v2\/comments?post=8"}],"version-history":[{"count":2,"href":"http:\/\/www.hophuong.com\/HP\/wp-json\/wp\/v2\/pages\/8\/revisions"}],"predecessor-version":[{"id":33,"href":"http:\/\/www.hophuong.com\/HP\/wp-json\/wp\/v2\/pages\/8\/revisions\/33"}],"wp:attachment":[{"href":"http:\/\/www.hophuong.com\/HP\/wp-json\/wp\/v2\/media?parent=8"}],"curies":[{"name":"wp","href":"https:\/\/api.w.org\/{rel}","templated":true}]}}